{"id":860,"date":"2020-12-14T15:18:40","date_gmt":"2020-12-14T13:18:40","guid":{"rendered":"https:\/\/villa-dina.com\/villa-dina\/"},"modified":"2021-01-05T16:40:00","modified_gmt":"2021-01-05T14:40:00","slug":"home","status":"publish","type":"page","link":"https:\/\/villa-dina.com\/de\/","title":{"rendered":"Villa Dina"},"content":{"rendered":"[vc_row][vc_column]\n\t\t\t<!-- START Slider 1 REVOLUTION SLIDER 6.5.11 --><p class=\"rs-p-wp-fix\"><\/p>\n\t\t\t<rs-module-wrap id=\"rev_slider_1_1_wrapper\" data-source=\"gallery\" style=\"visibility:hidden;background:transparent;padding:0;margin:0px auto;margin-top:0;margin-bottom:0;\">\n\t\t\t\t<rs-module id=\"rev_slider_1_1\" style=\"\" data-version=\"6.5.11\">\n\t\t\t\t\t<rs-slides>\n\t\t\t\t\t\t<rs-slide style=\"position: absolute;\" data-key=\"rs-2\" data-title=\"Slide\" data-thumb=\"\/\/villa-dina.com\/wp-content\/uploads\/2020\/12\/villa-dina-apart3-26-o-50x100.jpg\" data-anim=\"ms:1000;r:0;\" data-in=\"o:0;\" data-out=\"a:false;\">\n\t\t\t\t\t\t\t<img loading=\"lazy\" decoding=\"async\" src=\"\/\/villa-dina.com\/wp-content\/plugins\/revslider\/public\/assets\/assets\/dummy.png\" title=\"villa-dina-apart3-26-o\" width=\"1618\" height=\"1080\" class=\"rev-slidebg tp-rs-img rs-lazyload\" data-lazyload=\"\/\/villa-dina.com\/wp-content\/uploads\/2020\/12\/villa-dina-apart3-26-o.jpg\" data-no-retina>\n<!---->\t\t\t\t\t\t<\/rs-slide>\n\t\t\t\t\t\t<rs-slide style=\"position: absolute;\" data-key=\"rs-3\" data-title=\"Slide\" data-thumb=\"\/\/villa-dina.com\/wp-content\/uploads\/2020\/12\/villa-dina-apart4-apart5-06-o-50x100.jpg\" data-anim=\"ms:1000;r:0;\" data-in=\"o:0;\" data-out=\"a:false;\">\n\t\t\t\t\t\t\t<img loading=\"lazy\" decoding=\"async\" src=\"\/\/villa-dina.com\/wp-content\/plugins\/revslider\/public\/assets\/assets\/dummy.png\" title=\"villa-dina-apart4-apart5-06-o\" width=\"1618\" height=\"1080\" class=\"rev-slidebg tp-rs-img rs-lazyload\" data-lazyload=\"\/\/villa-dina.com\/wp-content\/uploads\/2020\/12\/villa-dina-apart4-apart5-06-o.jpg\" data-bg=\"p:50% 65%;\" data-no-retina>\n<!---->\t\t\t\t\t\t<\/rs-slide>\n\t\t\t\t\t\t<rs-slide style=\"position: absolute;\" data-key=\"rs-1\" data-title=\"Slide\" data-thumb=\"\/\/villa-dina.com\/wp-content\/uploads\/2020\/12\/villa-dina-apart3-29-50x100.jpg\" data-anim=\"ms:1000;r:0;\" data-in=\"o:0;\" data-out=\"a:false;\">\n\t\t\t\t\t\t\t<img loading=\"lazy\" decoding=\"async\" src=\"\/\/villa-dina.com\/wp-content\/plugins\/revslider\/public\/assets\/assets\/dummy.png\" title=\"villa-dina-apart3-29\" width=\"1618\" height=\"1080\" class=\"rev-slidebg tp-rs-img rs-lazyload\" data-lazyload=\"\/\/villa-dina.com\/wp-content\/uploads\/2020\/12\/villa-dina-apart3-29.jpg\" data-no-retina>\n<!---->\t\t\t\t\t\t<\/rs-slide>\n\t\t\t\t\t\t<rs-slide style=\"position: absolute;\" data-key=\"rs-4\" data-title=\"Slide\" data-thumb=\"\/\/villa-dina.com\/wp-content\/uploads\/2020\/12\/villa-dina-apart2-01-50x100.jpg\" data-anim=\"ms:1000;r:0;\" data-in=\"o:0;\" data-out=\"a:false;\">\n\t\t\t\t\t\t\t<img loading=\"lazy\" decoding=\"async\" src=\"\/\/villa-dina.com\/wp-content\/plugins\/revslider\/public\/assets\/assets\/dummy.png\" title=\"villa-dina-apart2-01\" width=\"1618\" height=\"1080\" class=\"rev-slidebg tp-rs-img rs-lazyload\" data-lazyload=\"\/\/villa-dina.com\/wp-content\/uploads\/2020\/12\/villa-dina-apart2-01.jpg\" data-no-retina>\n<!---->\t\t\t\t\t\t<\/rs-slide>\n\t\t\t\t\t<\/rs-slides>\n\t\t\t\t<\/rs-module>\n\t\t\t\t<script type=\"text\/javascript\">\n\t\t\t\t\tsetREVStartSize({c: 'rev_slider_1_1',rl:[1240,1024,778,480],el:[550,800,760,520],gw:[1240,1024,778,480],gh:[550,800,760,520],type:'standard',justify:'',layout:'fullwidth',mh:\"0\"});if (window.RS_MODULES!==undefined && window.RS_MODULES.modules!==undefined && window.RS_MODULES.modules[\"revslider11\"]!==undefined) {window.RS_MODULES.modules[\"revslider11\"].once = false;window.revapi1 = undefined;if (window.RS_MODULES.checkMinimal!==undefined) window.RS_MODULES.checkMinimal()}\n\t\t\t\t<\/script>\n\t\t\t<\/rs-module-wrap>\n\t\t\t<!-- END REVOLUTION SLIDER -->\n[\/vc_column][\/vc_row][vc_row][vc_column][vc_empty_space height=&#8220;62px&#8220;][\/vc_column][\/vc_row][vc_row id=&#8220;fir&#8220;][vc_column width=&#8220;1\/2&#8243;][vc_single_image image=&#8220;54&#8243; img_size=&#8220;full&#8220; alignment=&#8220;center&#8220; onclick=&#8220;custom_link&#8220; css_animation=&#8220;bottom-to-top&#8220; link=&#8220;https:\/\/villa-dina.com\/rooms\/&#8220;][vc_row_inner css=&#8220;.vc_custom_1607557336451{padding-right: 20px !important;padding-left: 20px !important;}&#8220;][vc_column_inner][vc_column_text css=&#8220;.vc_custom_1607652489469{margin-top: -80px !important;margin-bottom: 0px !important;padding-top: 35px !important;padding-right: 25px !important;padding-bottom: 5px !important;padding-left: 25px !important;background-color: #ffffff !important;}&#8220;]\n<h3 style=\"text-align: center;\">ZIMMERTYPEN<br \/>\n<a href=\"https:\/\/villa-dina.com\/de\/zimmertypen\/\"><span style=\"text-decoration: underline;\"><strong style=\"font-size: 15px;\">SEHEN SIE DIE ZIMMER<\/strong><\/span><\/a><\/h3>\n<p>Unsere Familie ist sehr stolz auf unseren\u00a0 sch\u00f6nen ,kleinen und modernen Geb\u00e4udekomplex ,der aus sieben Appartements besteht.<\/p>\n<p>&nbsp;[\/vc_column_text][\/vc_column_inner][\/vc_row_inner][\/vc_column][vc_column width=&#8220;1\/2&#8243; css=&#8220;.vc_custom_1607558098505{padding-top: px !important;padding-bottom: 30px !important;}&#8220;][vc_empty_space height=&#8220;52px&#8220; el_class=&#8220;mob&#8220;][vc_column_text animation=&#8220;bottom-to-top&#8220; css=&#8220;.vc_custom_1607558013771{padding-top: 25px !important;padding-right: 25px !important;padding-bottom: 25px !important;padding-left: 25px !important;background-color: #ffffff !important;}&#8220;]\n<h2 style=\"text-align: center;\">HERZLICH WILLKOMMEN!<\/h2>\n<p>Villa Dina Appartements liegen seitw\u00e4rts eines kleinen H\u00fcgels\u00a0 in Almyrida .<\/p>\n<p>W\u00e4hrend \u00a0des Tages kann man von da oben das Meer,den Golf von Souda und Lefka Ori bewundern und abends kann man den wunderbaren Sonnenuntergang genie\u03b2en.<\/p>\n<p>Unser gro\u03b2er Garten steht Ihnen zur Verf\u00fcgung ,wenn Sie ein Glas Wein\u00a0 genie\u03b2en ,ein Buch lesen , in der Sonne liegen oder den romantischen Sonnenuntergang genie\u03b2en m\u00f6chten.Es gibt auch Strandliegen und ein BBQ Ihnen zur Verf\u00fcgung.<\/p>\n<p>&nbsp;[\/vc_column_text][\/vc_column][\/vc_row][vc_row][vc_column width=&#8220;1\/2&#8243; css=&#8220;.vc_custom_1607558273750{margin-bottom: 80px !important;}&#8220;][vc_empty_space height=&#8220;42px&#8220; el_class=&#8220;mob&#8220;][vc_column_text animation=&#8220;bottom-to-top&#8220; css=&#8220;.vc_custom_1607596559231{padding-top: 25px !important;padding-right: 25px !important;padding-bottom: 25px !important;padding-left: 25px !important;background-color: #ffffff !important;}&#8220;]\n<p style=\"text-align: justify;\"><img loading=\"lazy\" decoding=\"async\" class=\" wp-image-112 aligncenter\" src=\"https:\/\/villa-dina.com\/wp-content\/uploads\/2020\/12\/creta-300x151.png\" alt=\"\" width=\"147\" height=\"74\" srcset=\"https:\/\/villa-dina.com\/wp-content\/uploads\/2020\/12\/creta-300x151.png 300w, https:\/\/villa-dina.com\/wp-content\/uploads\/2020\/12\/creta.png 669w\" sizes=\"auto, (max-width: 147px) 100vw, 147px\" \/><\/p>\n<p style=\"text-align: center;\"><strong>Auf Kreta gibt es alles ,was man sich w\u00fcnscht\u2026..<\/strong><\/p>\n<p>Wundersch\u00f6ne sandige Str\u00e4nde,traditionelle D\u00f6rfer,beeidruckende Gebirge,eine sehr wichtige Geschichte und noch mehr.<\/p>\n<p>Villa Dina Appartements sind\u00a0 mit dem Auto nicht weit weg von Chania entfernt,etwa 23 Km,und befinden sich in Almyrida.Almyrida ist ein ruhiges Dorf mit einem wunderbaren Golf.<\/p>\n<p>Und\u00a0 ist bestimmt ein idealer sommerlicher Zielort!<\/p>\n<p>&nbsp;[\/vc_column_text][\/vc_column][vc_column width=&#8220;1\/2&#8243; css=&#8220;.vc_custom_1607558262557{margin-top: -80px !important;}&#8220;][vc_single_image image=&#8220;88&#8243; img_size=&#8220;full&#8220; alignment=&#8220;center&#8220; onclick=&#8220;custom_link&#8220; css_animation=&#8220;bottom-to-top&#8220; link=&#8220;https:\/\/villa-dina.com\/almyrida\/&#8220;][vc_row_inner css=&#8220;.vc_custom_1607557336451{padding-right: 20px !important;padding-left: 20px !important;}&#8220;][vc_column_inner][vc_column_text css=&#8220;.vc_custom_1607652518145{margin-top: -80px !important;margin-bottom: 0px !important;padding-top: 35px !important;padding-right: 25px !important;padding-bottom: 5px !important;padding-left: 25px !important;background-color: #ffffff !important;}&#8220;]\n<h3 style=\"text-align: center;\">CHANIA &#8211; ALMYRIDA<br \/>\n<a href=\"https:\/\/villa-dina.com\/de\/region\/\">MEHR SEHEN<\/a><\/h3>\n<p style=\"text-align: justify;\">Wenn Sie nach einem Sommerziel suchen, das Tierwelt, Sch\u00f6nheit, Gastfreundschaft, Ruhe, Kultur und weltbekannte K\u00fcche vereint, dann schauen Sie nicht \u00fcber Kreta hinaus!<\/p>\n<p>&nbsp;[\/vc_column_text][\/vc_column_inner][\/vc_row_inner][\/vc_column][\/vc_row][vc_row][vc_column][vc_empty_space][\/vc_column][\/vc_row][vc_row][vc_column width=&#8220;1\/2&#8243;][vc_single_image image=&#8220;106&#8243; img_size=&#8220;full&#8220; alignment=&#8220;center&#8220; css_animation=&#8220;bottom-to-top&#8220;][vc_row_inner css=&#8220;.vc_custom_1607557336451{padding-right: 20px !important;padding-left: 20px !important;}&#8220;][vc_column_inner][vc_column_text css=&#8220;.vc_custom_1607560220190{margin-top: -80px !important;margin-bottom: 0px !important;padding-top: 35px !important;padding-right: 25px !important;padding-bottom: 5px !important;padding-left: 25px !important;background-color: #ffffff !important;}&#8220;]\n<h3 style=\"text-align: center;\">Wir betonen die griechische Gastfreundschaft<\/h3>\n<p style=\"text-align: justify;\">Unsere Priorit\u00e4t ist es, solche Dienstleistungen anzubieten, um unsere Besucher bestm\u00f6glich zufrieden zu stellen!<\/p>\n<p>&nbsp;[\/vc_column_text][\/vc_column_inner][\/vc_row_inner][vc_empty_space][\/vc_column][vc_column width=&#8220;1\/2&#8243; css=&#8220;.vc_custom_1607598939197{margin-top: -80px !important;padding-top: px !important;padding-right: 25px !important;padding-bottom: 30px !important;padding-left: 25px !important;}&#8220; el_class=&#8220;far&#8220;][vc_row_inner css=&#8220;.vc_custom_1607597554951{padding-right: 25px !important;padding-left: 25px !important;}&#8220;][vc_column_inner css=&#8220;.vc_custom_1607597011664{padding-right: 25px !important;padding-left: 25px !important;background-color: #ffffff !important;}&#8220;][mk_custom_list style=&#8220;&#8220; el_class=&#8220;under&#8220;]\n<h4>DIENSTLEISTUNGEN<\/h4>\n<ul>\n<li>Klimaanlage<\/li>\n<li>Geldschrank(Safe)<\/li>\n<li>Fernseher mit Flachbildschirm , lokalen und Satellitensendern<\/li>\n<li>Haartrockner(F\u00f6n)<\/li>\n<li>Bettw\u00e4sche- ,Handt\u00fccher- und Badet\u00fccherwechsel<\/li>\n<li>Wifi Internetzugang<\/li>\n<li>Gemeingebrauch der Waschmaschine<\/li>\n<li>Str\u00e4ndeliege und \u00e4u\u03b2ere Gartenm\u00f6bel<\/li>\n<li>Barbeque(Grill)<\/li>\n<li>Parkplatz<\/li>\n<li>Es gibt ein Schlafsofa in jedem Wohnzimmer und auf diese Weise kann dort noch eine Person in aller Bequemlichkeit schlafen.<\/li>\n<\/ul>\n<p>&nbsp;[\/mk_custom_list][\/vc_column_inner][\/vc_row_inner][\/vc_column][\/vc_row]\n","protected":false},"excerpt":{"rendered":"<p>[vc_row][vc_column][\/vc_column][\/vc_row][vc_row][vc_column][vc_empty_space height=&#8220;62px&#8220;][\/vc_column][\/vc_row][vc_row id=&#8220;fir&#8220;][vc_column width=&#8220;1\/2&#8243;][vc_single_image image=&#8220;54&#8243; img_size=&#8220;full&#8220; alignment=&#8220;center&#8220; onclick=&#8220;custom_link&#8220; css_animation=&#8220;bottom-to-top&#8220; link=&#8220;https:\/\/villa-dina.com\/rooms\/&#8220;][vc_row_inner css=&#8220;.vc_custom_1607557336451{padding-right: 20px !important;padding-left: 20px !important;}&#8220;][vc_column_inner][vc_column_text css=&#8220;.vc_custom_1607652489469{margin-top: -80px !important;margin-bottom: 0px !important;padding-top: 35px !important;padding-right: 25px !important;padding-bottom: 5px !important;padding-left: 25px !important;background-color: #ffffff !important;}&#8220;] ZIMMERTYPEN SEHEN SIE DIE ZIMMER Unsere Familie ist sehr stolz auf unseren\u00a0 sch\u00f6nen ,kleinen und modernen Geb\u00e4udekomplex ,der aus sieben Appartements besteht. &nbsp;[\/vc_column_text][\/vc_column_inner][\/vc_row_inner][\/vc_column][vc_column width=&#8220;1\/2&#8243; css=&#8220;.vc_custom_1607558098505{padding-top: [&hellip;]<\/p>\n","protected":false},"author":1,"featured_media":0,"parent":0,"menu_order":0,"comment_status":"closed","ping_status":"closed","template":"","meta":{"footnotes":""},"class_list":["post-860","page","type-page","status-publish","hentry"],"yoast_head":"<!-- This site is optimized with the Yoast SEO plugin v26.8 - https:\/\/yoast.com\/product\/yoast-seo-wordpress\/ -->\n<title>Villa Dina - Villa Dina in Almyrida (Almirida)<\/title>\n<meta name=\"robots\" content=\"index, follow, max-snippet:-1, max-image-preview:large, max-video-preview:-1\" \/>\n<link rel=\"canonical\" href=\"https:\/\/villa-dina.com\/de\/\" \/>\n<meta property=\"og:locale\" content=\"de_DE\" \/>\n<meta property=\"og:type\" content=\"article\" \/>\n<meta property=\"og:title\" content=\"Villa Dina - Villa Dina in Almyrida (Almirida)\" \/>\n<meta property=\"og:description\" content=\"[vc_row][vc_column][\/vc_column][\/vc_row][vc_row][vc_column][vc_empty_space height=&#8220;62px&#8220;][\/vc_column][\/vc_row][vc_row id=&#8220;fir&#8220;][vc_column width=&#8220;1\/2&#8243;][vc_single_image image=&#8220;54&#8243; img_size=&#8220;full&#8220; alignment=&#8220;center&#8220; onclick=&#8220;custom_link&#8220; css_animation=&#8220;bottom-to-top&#8220; link=&#8220;https:\/\/villa-dina.com\/rooms\/&#8220;][vc_row_inner css=&#8220;.vc_custom_1607557336451{padding-right: 20px !important;padding-left: 20px !important;}&#8220;][vc_column_inner][vc_column_text css=&#8220;.vc_custom_1607652489469{margin-top: -80px !important;margin-bottom: 0px !important;padding-top: 35px !important;padding-right: 25px !important;padding-bottom: 5px !important;padding-left: 25px !important;background-color: #ffffff !important;}&#8220;] ZIMMERTYPEN SEHEN SIE DIE ZIMMER Unsere Familie ist sehr stolz auf unseren\u00a0 sch\u00f6nen ,kleinen und modernen Geb\u00e4udekomplex ,der aus sieben Appartements besteht. &nbsp;[\/vc_column_text][\/vc_column_inner][\/vc_row_inner][\/vc_column][vc_column width=&#8220;1\/2&#8243; css=&#8220;.vc_custom_1607558098505{padding-top: [&hellip;]\" \/>\n<meta property=\"og:url\" content=\"https:\/\/villa-dina.com\/de\/\" \/>\n<meta property=\"og:site_name\" content=\"Villa Dina in Almyrida (Almirida)\" \/>\n<meta property=\"article:modified_time\" content=\"2021-01-05T14:40:00+00:00\" \/>\n<meta property=\"og:image\" content=\"https:\/\/villa-dina.com\/wp-content\/uploads\/2020\/12\/creta-300x151.png\" \/>\n<meta name=\"twitter:card\" content=\"summary_large_image\" \/>\n<meta name=\"twitter:label1\" content=\"Gesch\u00e4tzte Lesezeit\" \/>\n\t<meta name=\"twitter:data1\" content=\"4\u00a0Minuten\" \/>\n<script type=\"application\/ld+json\" class=\"yoast-schema-graph\">{\"@context\":\"https:\/\/schema.org\",\"@graph\":[{\"@type\":\"WebPage\",\"@id\":\"https:\/\/villa-dina.com\/de\/\",\"url\":\"https:\/\/villa-dina.com\/de\/\",\"name\":\"Villa Dina - Villa Dina in Almyrida (Almirida)\",\"isPartOf\":{\"@id\":\"https:\/\/villa-dina.com\/#website\"},\"primaryImageOfPage\":{\"@id\":\"https:\/\/villa-dina.com\/de\/#primaryimage\"},\"image\":{\"@id\":\"https:\/\/villa-dina.com\/de\/#primaryimage\"},\"thumbnailUrl\":\"https:\/\/villa-dina.com\/wp-content\/uploads\/2020\/12\/creta-300x151.png\",\"datePublished\":\"2020-12-14T13:18:40+00:00\",\"dateModified\":\"2021-01-05T14:40:00+00:00\",\"breadcrumb\":{\"@id\":\"https:\/\/villa-dina.com\/de\/#breadcrumb\"},\"inLanguage\":\"de\",\"potentialAction\":[{\"@type\":\"ReadAction\",\"target\":[\"https:\/\/villa-dina.com\/de\/\"]}]},{\"@type\":\"ImageObject\",\"inLanguage\":\"de\",\"@id\":\"https:\/\/villa-dina.com\/de\/#primaryimage\",\"url\":\"https:\/\/villa-dina.com\/wp-content\/uploads\/2020\/12\/creta-300x151.png\",\"contentUrl\":\"https:\/\/villa-dina.com\/wp-content\/uploads\/2020\/12\/creta-300x151.png\"},{\"@type\":\"BreadcrumbList\",\"@id\":\"https:\/\/villa-dina.com\/de\/#breadcrumb\",\"itemListElement\":[{\"@type\":\"ListItem\",\"position\":1,\"name\":\"\u0391\u03c1\u03c7\u03b9\u03ba\u03ae\",\"item\":\"https:\/\/villa-dina.com\/de\/\"},{\"@type\":\"ListItem\",\"position\":2,\"name\":\"Villa Dina\"}]},{\"@type\":\"WebSite\",\"@id\":\"https:\/\/villa-dina.com\/#website\",\"url\":\"https:\/\/villa-dina.com\/\",\"name\":\"Villa Dina in Almyrida (Almirida)\",\"description\":\"Villa Dina, apartments close to the beach in Almyrida (Almirida) for family vacations.\",\"potentialAction\":[{\"@type\":\"SearchAction\",\"target\":{\"@type\":\"EntryPoint\",\"urlTemplate\":\"https:\/\/villa-dina.com\/?s={search_term_string}\"},\"query-input\":{\"@type\":\"PropertyValueSpecification\",\"valueRequired\":true,\"valueName\":\"search_term_string\"}}],\"inLanguage\":\"de\"}]}<\/script>\n<!-- \/ Yoast SEO plugin. -->","yoast_head_json":{"title":"Villa Dina - Villa Dina in Almyrida (Almirida)","robots":{"index":"index","follow":"follow","max-snippet":"max-snippet:-1","max-image-preview":"max-image-preview:large","max-video-preview":"max-video-preview:-1"},"canonical":"https:\/\/villa-dina.com\/de\/","og_locale":"de_DE","og_type":"article","og_title":"Villa Dina - Villa Dina in Almyrida (Almirida)","og_description":"[vc_row][vc_column][\/vc_column][\/vc_row][vc_row][vc_column][vc_empty_space height=&#8220;62px&#8220;][\/vc_column][\/vc_row][vc_row id=&#8220;fir&#8220;][vc_column width=&#8220;1\/2&#8243;][vc_single_image image=&#8220;54&#8243; img_size=&#8220;full&#8220; alignment=&#8220;center&#8220; onclick=&#8220;custom_link&#8220; css_animation=&#8220;bottom-to-top&#8220; link=&#8220;https:\/\/villa-dina.com\/rooms\/&#8220;][vc_row_inner css=&#8220;.vc_custom_1607557336451{padding-right: 20px !important;padding-left: 20px !important;}&#8220;][vc_column_inner][vc_column_text css=&#8220;.vc_custom_1607652489469{margin-top: -80px !important;margin-bottom: 0px !important;padding-top: 35px !important;padding-right: 25px !important;padding-bottom: 5px !important;padding-left: 25px !important;background-color: #ffffff !important;}&#8220;] ZIMMERTYPEN SEHEN SIE DIE ZIMMER Unsere Familie ist sehr stolz auf unseren\u00a0 sch\u00f6nen ,kleinen und modernen Geb\u00e4udekomplex ,der aus sieben Appartements besteht. &nbsp;[\/vc_column_text][\/vc_column_inner][\/vc_row_inner][\/vc_column][vc_column width=&#8220;1\/2&#8243; css=&#8220;.vc_custom_1607558098505{padding-top: [&hellip;]","og_url":"https:\/\/villa-dina.com\/de\/","og_site_name":"Villa Dina in Almyrida (Almirida)","article_modified_time":"2021-01-05T14:40:00+00:00","og_image":[{"url":"https:\/\/villa-dina.com\/wp-content\/uploads\/2020\/12\/creta-300x151.png","type":"","width":"","height":""}],"twitter_card":"summary_large_image","twitter_misc":{"Gesch\u00e4tzte Lesezeit":"4\u00a0Minuten"},"schema":{"@context":"https:\/\/schema.org","@graph":[{"@type":"WebPage","@id":"https:\/\/villa-dina.com\/de\/","url":"https:\/\/villa-dina.com\/de\/","name":"Villa Dina - Villa Dina in Almyrida (Almirida)","isPartOf":{"@id":"https:\/\/villa-dina.com\/#website"},"primaryImageOfPage":{"@id":"https:\/\/villa-dina.com\/de\/#primaryimage"},"image":{"@id":"https:\/\/villa-dina.com\/de\/#primaryimage"},"thumbnailUrl":"https:\/\/villa-dina.com\/wp-content\/uploads\/2020\/12\/creta-300x151.png","datePublished":"2020-12-14T13:18:40+00:00","dateModified":"2021-01-05T14:40:00+00:00","breadcrumb":{"@id":"https:\/\/villa-dina.com\/de\/#breadcrumb"},"inLanguage":"de","potentialAction":[{"@type":"ReadAction","target":["https:\/\/villa-dina.com\/de\/"]}]},{"@type":"ImageObject","inLanguage":"de","@id":"https:\/\/villa-dina.com\/de\/#primaryimage","url":"https:\/\/villa-dina.com\/wp-content\/uploads\/2020\/12\/creta-300x151.png","contentUrl":"https:\/\/villa-dina.com\/wp-content\/uploads\/2020\/12\/creta-300x151.png"},{"@type":"BreadcrumbList","@id":"https:\/\/villa-dina.com\/de\/#breadcrumb","itemListElement":[{"@type":"ListItem","position":1,"name":"\u0391\u03c1\u03c7\u03b9\u03ba\u03ae","item":"https:\/\/villa-dina.com\/de\/"},{"@type":"ListItem","position":2,"name":"Villa Dina"}]},{"@type":"WebSite","@id":"https:\/\/villa-dina.com\/#website","url":"https:\/\/villa-dina.com\/","name":"Villa Dina in Almyrida (Almirida)","description":"Villa Dina, apartments close to the beach in Almyrida (Almirida) for family vacations.","potentialAction":[{"@type":"SearchAction","target":{"@type":"EntryPoint","urlTemplate":"https:\/\/villa-dina.com\/?s={search_term_string}"},"query-input":{"@type":"PropertyValueSpecification","valueRequired":true,"valueName":"search_term_string"}}],"inLanguage":"de"}]}},"_links":{"self":[{"href":"https:\/\/villa-dina.com\/de\/wp-json\/wp\/v2\/pages\/860","targetHints":{"allow":["GET"]}}],"collection":[{"href":"https:\/\/villa-dina.com\/de\/wp-json\/wp\/v2\/pages"}],"about":[{"href":"https:\/\/villa-dina.com\/de\/wp-json\/wp\/v2\/types\/page"}],"author":[{"embeddable":true,"href":"https:\/\/villa-dina.com\/de\/wp-json\/wp\/v2\/users\/1"}],"replies":[{"embeddable":true,"href":"https:\/\/villa-dina.com\/de\/wp-json\/wp\/v2\/comments?post=860"}],"version-history":[{"count":8,"href":"https:\/\/villa-dina.com\/de\/wp-json\/wp\/v2\/pages\/860\/revisions"}],"predecessor-version":[{"id":956,"href":"https:\/\/villa-dina.com\/de\/wp-json\/wp\/v2\/pages\/860\/revisions\/956"}],"wp:attachment":[{"href":"https:\/\/villa-dina.com\/de\/wp-json\/wp\/v2\/media?parent=860"}],"curies":[{"name":"wp","href":"https:\/\/api.w.org\/{rel}","templated":true}]}}