{"id":864,"date":"2020-12-14T15:19:34","date_gmt":"2020-12-14T13:19:34","guid":{"rendered":"https:\/\/villa-dina.com\/periochi\/"},"modified":"2021-01-05T17:36:06","modified_gmt":"2021-01-05T15:36:06","slug":"region","status":"publish","type":"page","link":"https:\/\/villa-dina.com\/de\/region\/","title":{"rendered":"Region"},"content":{"rendered":"[vc_row][vc_column][vc_single_image image=&#8220;88&#8243; img_size=&#8220;1200&#215;480&#8243; alignment=&#8220;center&#8220;][\/vc_column][\/vc_row][vc_row animation=&#8220;bottom-to-top&#8220;][vc_column][vc_column_text css=&#8220;.vc_custom_1607611391294{margin-bottom: 0px !important;}&#8220;]\n<p style=\"text-align: justify;\">Chania liegt westlich in Kreta und dort gibt es die meisten Berge der Insel.Die Stadt ist in zwei Teile geteilt:die Altstadt mit den venezianischen Mauern und engen Gassen und die neue Stadt,die sp\u00e4ter weit weg von der Altstadt gebaut wurde ,mit ihrem neueingerichteten Stra\u03b2ennetz,,ihren neuen Geb\u00e4uden,Pl\u00e4tzen u.s.w.<\/p>\n<p style=\"text-align: justify;\">Der ber\u00fchmte Venezianische Hafen ,die sch\u00f6nen Caf\u00e9s mit der wundersch\u00f6nen Aussicht und der \u2018\u2019Agora\u2019\u2019 Marktplatz ,wo Sie einheimische Produkte und Souvenirs kaufen k\u00f6nnen,sind die Hauptgr\u00fcnde daf\u00fcr,dass Chania zu einem der ber\u00fchmtesten Zielorten im Laufe der Zeit geworden ist. Im S\u00fcden liegen Lefka Ori und die Samaria Schlucht,die die l\u00e4ngste in Europa ist.<\/p>\n<p style=\"text-align: justify;\">\n<p style=\"text-align: justify;\">\n[\/vc_column_text][\/vc_column][\/vc_row][vc_row css=&#8220;.vc_custom_1607632676399{padding-top: 40px !important;}&#8220;][vc_column width=&#8220;1\/2&#8243;][vc_column_text animation=&#8220;bottom-to-top&#8220; css=&#8220;.vc_custom_1607632653136{margin-bottom: 0px !important;}&#8220;]\n<p style=\"text-align: justify;\">Villa Dina Appartements sind mit dem Auto nicht weit weg von Chania entfernt,etwa 23 Km,und befinden sich in Almyrida.Almyrida ist ein ruhiges Dorf mit einem wunderbaren Golf.<\/p>\n<p style=\"text-align: justify;\">Und ist bestimmt ein idealer sommerlicher Zielort!<\/p>\n<p style=\"text-align: justify;\">Das Meer ist nicht tief und es gibt sowohl sandige Str\u00e4nde als auch Str\u00e4nde mit Kieselsteinen.Wenn Sie Windsurfen,Kanu-Kajak und Segeln m\u00f6gen,gibt es dort einen Windsurfen Club und falls Sie Lust auf Tauchen haben ,k\u00f6nnen Sie \u2018\u2019Omega Divers\u2019\u2019 besuchen.<\/p>\n[\/vc_column_text][\/vc_column][vc_column width=&#8220;1\/2&#8243;][vc_single_image image=&#8220;149&#8243; img_size=&#8220;full&#8220; alignment=&#8220;center&#8220; css_animation=&#8220;bottom-to-top&#8220;][\/vc_column][\/vc_row][vc_row animation=&#8220;bottom-to-top&#8220;][vc_column][mk_blockquote font_family=&#8220;none&#8220;]Almyrida ist ein kleiner Paradies f\u00fcr Familien mit Kindern,\u00e4ltere Paare und Sportfans![\/mk_blockquote][\/vc_column][\/vc_row][vc_row animation=&#8220;bottom-to-top&#8220;][vc_column][vc_column_text css=&#8220;.vc_custom_1607632828339{margin-bottom: 0px !important;}&#8220;]\n<p style=\"text-align: justify;\">Es gibt viele traditionelle Kneipen und Restaurants,wo Sie frischen Fisch und kretische Speisen probieren k\u00f6nnen und manche Caf\u00e9s und Bars,wo Sie Snacks und Cocktails genie\u03b2en k\u00f6nnen.Es gibt auch manche Gesch\u00e4fte ,wie Gemischtwarenl\u00e4den,Gesch\u00e4fte mit Souvenirs ,Apotheke,B\u00e4ckereien ,Bankautomaten und Schmuckgesch\u00e4fte.<\/p>\n[\/vc_column_text][\/vc_column][\/vc_row][vc_row animation=&#8220;bottom-to-top&#8220;][vc_column][mk_gallery images=&#8220;155,158,161&#8243;][\/vc_column][\/vc_row]\n","protected":false},"excerpt":{"rendered":"<p>[vc_row][vc_column][vc_single_image image=&#8220;88&#8243; img_size=&#8220;1200&#215;480&#8243; alignment=&#8220;center&#8220;][\/vc_column][\/vc_row][vc_row animation=&#8220;bottom-to-top&#8220;][vc_column][vc_column_text css=&#8220;.vc_custom_1607611391294{margin-bottom: 0px !important;}&#8220;] Chania liegt westlich in Kreta und dort gibt es die meisten Berge der Insel.Die Stadt ist in zwei Teile geteilt:die Altstadt mit den venezianischen Mauern und engen Gassen und die neue Stadt,die sp\u00e4ter weit weg von der Altstadt gebaut wurde ,mit ihrem neueingerichteten Stra\u03b2ennetz,,ihren neuen Geb\u00e4uden,Pl\u00e4tzen u.s.w. [&hellip;]<\/p>\n","protected":false},"author":1,"featured_media":0,"parent":0,"menu_order":0,"comment_status":"closed","ping_status":"closed","template":"","meta":{"footnotes":""},"class_list":["post-864","page","type-page","status-publish","hentry"],"yoast_head":"<!-- This site is optimized with the Yoast SEO plugin v26.8 - https:\/\/yoast.com\/product\/yoast-seo-wordpress\/ -->\n<title>Region - Villa Dina in Almyrida (Almirida)<\/title>\n<meta name=\"robots\" content=\"index, follow, max-snippet:-1, max-image-preview:large, max-video-preview:-1\" \/>\n<link rel=\"canonical\" href=\"https:\/\/villa-dina.com\/de\/region\/\" \/>\n<meta property=\"og:locale\" content=\"de_DE\" \/>\n<meta property=\"og:type\" content=\"article\" \/>\n<meta property=\"og:title\" content=\"Region - Villa Dina in Almyrida (Almirida)\" \/>\n<meta property=\"og:description\" content=\"[vc_row][vc_column][vc_single_image image=&#8220;88&#8243; img_size=&#8220;1200&#215;480&#8243; alignment=&#8220;center&#8220;][\/vc_column][\/vc_row][vc_row animation=&#8220;bottom-to-top&#8220;][vc_column][vc_column_text css=&#8220;.vc_custom_1607611391294{margin-bottom: 0px !important;}&#8220;] Chania liegt westlich in Kreta und dort gibt es die meisten Berge der Insel.Die Stadt ist in zwei Teile geteilt:die Altstadt mit den venezianischen Mauern und engen Gassen und die neue Stadt,die sp\u00e4ter weit weg von der Altstadt gebaut wurde ,mit ihrem neueingerichteten Stra\u03b2ennetz,,ihren neuen Geb\u00e4uden,Pl\u00e4tzen u.s.w. [&hellip;]\" \/>\n<meta property=\"og:url\" content=\"https:\/\/villa-dina.com\/de\/region\/\" \/>\n<meta property=\"og:site_name\" content=\"Villa Dina in Almyrida (Almirida)\" \/>\n<meta property=\"article:modified_time\" content=\"2021-01-05T15:36:06+00:00\" \/>\n<meta name=\"twitter:card\" content=\"summary_large_image\" \/>\n<meta name=\"twitter:label1\" content=\"Gesch\u00e4tzte Lesezeit\" \/>\n\t<meta name=\"twitter:data1\" content=\"2\u00a0Minuten\" \/>\n<script type=\"application\/ld+json\" class=\"yoast-schema-graph\">{\"@context\":\"https:\/\/schema.org\",\"@graph\":[{\"@type\":\"WebPage\",\"@id\":\"https:\/\/villa-dina.com\/de\/region\/\",\"url\":\"https:\/\/villa-dina.com\/de\/region\/\",\"name\":\"Region - Villa Dina in Almyrida (Almirida)\",\"isPartOf\":{\"@id\":\"https:\/\/villa-dina.com\/#website\"},\"datePublished\":\"2020-12-14T13:19:34+00:00\",\"dateModified\":\"2021-01-05T15:36:06+00:00\",\"breadcrumb\":{\"@id\":\"https:\/\/villa-dina.com\/de\/region\/#breadcrumb\"},\"inLanguage\":\"de\",\"potentialAction\":[{\"@type\":\"ReadAction\",\"target\":[\"https:\/\/villa-dina.com\/de\/region\/\"]}]},{\"@type\":\"BreadcrumbList\",\"@id\":\"https:\/\/villa-dina.com\/de\/region\/#breadcrumb\",\"itemListElement\":[{\"@type\":\"ListItem\",\"position\":1,\"name\":\"\u0391\u03c1\u03c7\u03b9\u03ba\u03ae\",\"item\":\"https:\/\/villa-dina.com\/de\/\"},{\"@type\":\"ListItem\",\"position\":2,\"name\":\"Region\"}]},{\"@type\":\"WebSite\",\"@id\":\"https:\/\/villa-dina.com\/#website\",\"url\":\"https:\/\/villa-dina.com\/\",\"name\":\"Villa Dina in Almyrida (Almirida)\",\"description\":\"Villa Dina, apartments close to the beach in Almyrida (Almirida) for family vacations.\",\"potentialAction\":[{\"@type\":\"SearchAction\",\"target\":{\"@type\":\"EntryPoint\",\"urlTemplate\":\"https:\/\/villa-dina.com\/?s={search_term_string}\"},\"query-input\":{\"@type\":\"PropertyValueSpecification\",\"valueRequired\":true,\"valueName\":\"search_term_string\"}}],\"inLanguage\":\"de\"}]}<\/script>\n<!-- \/ Yoast SEO plugin. -->","yoast_head_json":{"title":"Region - Villa Dina in Almyrida (Almirida)","robots":{"index":"index","follow":"follow","max-snippet":"max-snippet:-1","max-image-preview":"max-image-preview:large","max-video-preview":"max-video-preview:-1"},"canonical":"https:\/\/villa-dina.com\/de\/region\/","og_locale":"de_DE","og_type":"article","og_title":"Region - Villa Dina in Almyrida (Almirida)","og_description":"[vc_row][vc_column][vc_single_image image=&#8220;88&#8243; img_size=&#8220;1200&#215;480&#8243; alignment=&#8220;center&#8220;][\/vc_column][\/vc_row][vc_row animation=&#8220;bottom-to-top&#8220;][vc_column][vc_column_text css=&#8220;.vc_custom_1607611391294{margin-bottom: 0px !important;}&#8220;] Chania liegt westlich in Kreta und dort gibt es die meisten Berge der Insel.Die Stadt ist in zwei Teile geteilt:die Altstadt mit den venezianischen Mauern und engen Gassen und die neue Stadt,die sp\u00e4ter weit weg von der Altstadt gebaut wurde ,mit ihrem neueingerichteten Stra\u03b2ennetz,,ihren neuen Geb\u00e4uden,Pl\u00e4tzen u.s.w. [&hellip;]","og_url":"https:\/\/villa-dina.com\/de\/region\/","og_site_name":"Villa Dina in Almyrida (Almirida)","article_modified_time":"2021-01-05T15:36:06+00:00","twitter_card":"summary_large_image","twitter_misc":{"Gesch\u00e4tzte Lesezeit":"2\u00a0Minuten"},"schema":{"@context":"https:\/\/schema.org","@graph":[{"@type":"WebPage","@id":"https:\/\/villa-dina.com\/de\/region\/","url":"https:\/\/villa-dina.com\/de\/region\/","name":"Region - Villa Dina in Almyrida (Almirida)","isPartOf":{"@id":"https:\/\/villa-dina.com\/#website"},"datePublished":"2020-12-14T13:19:34+00:00","dateModified":"2021-01-05T15:36:06+00:00","breadcrumb":{"@id":"https:\/\/villa-dina.com\/de\/region\/#breadcrumb"},"inLanguage":"de","potentialAction":[{"@type":"ReadAction","target":["https:\/\/villa-dina.com\/de\/region\/"]}]},{"@type":"BreadcrumbList","@id":"https:\/\/villa-dina.com\/de\/region\/#breadcrumb","itemListElement":[{"@type":"ListItem","position":1,"name":"\u0391\u03c1\u03c7\u03b9\u03ba\u03ae","item":"https:\/\/villa-dina.com\/de\/"},{"@type":"ListItem","position":2,"name":"Region"}]},{"@type":"WebSite","@id":"https:\/\/villa-dina.com\/#website","url":"https:\/\/villa-dina.com\/","name":"Villa Dina in Almyrida (Almirida)","description":"Villa Dina, apartments close to the beach in Almyrida (Almirida) for family vacations.","potentialAction":[{"@type":"SearchAction","target":{"@type":"EntryPoint","urlTemplate":"https:\/\/villa-dina.com\/?s={search_term_string}"},"query-input":{"@type":"PropertyValueSpecification","valueRequired":true,"valueName":"search_term_string"}}],"inLanguage":"de"}]}},"_links":{"self":[{"href":"https:\/\/villa-dina.com\/de\/wp-json\/wp\/v2\/pages\/864","targetHints":{"allow":["GET"]}}],"collection":[{"href":"https:\/\/villa-dina.com\/de\/wp-json\/wp\/v2\/pages"}],"about":[{"href":"https:\/\/villa-dina.com\/de\/wp-json\/wp\/v2\/types\/page"}],"author":[{"embeddable":true,"href":"https:\/\/villa-dina.com\/de\/wp-json\/wp\/v2\/users\/1"}],"replies":[{"embeddable":true,"href":"https:\/\/villa-dina.com\/de\/wp-json\/wp\/v2\/comments?post=864"}],"version-history":[{"count":7,"href":"https:\/\/villa-dina.com\/de\/wp-json\/wp\/v2\/pages\/864\/revisions"}],"predecessor-version":[{"id":963,"href":"https:\/\/villa-dina.com\/de\/wp-json\/wp\/v2\/pages\/864\/revisions\/963"}],"wp:attachment":[{"href":"https:\/\/villa-dina.com\/de\/wp-json\/wp\/v2\/media?parent=864"}],"curies":[{"name":"wp","href":"https:\/\/api.w.org\/{rel}","templated":true}]}}