{"id":866,"date":"2020-12-14T15:20:15","date_gmt":"2020-12-14T13:20:15","guid":{"rendered":"https:\/\/villa-dina.com\/typoi-domation\/"},"modified":"2021-01-05T15:44:49","modified_gmt":"2021-01-05T13:44:49","slug":"zimmertypen","status":"publish","type":"page","link":"https:\/\/villa-dina.com\/de\/zimmertypen\/","title":{"rendered":"Zimmertypen"},"content":{"rendered":"[vc_row css=&#8220;.vc_custom_1607635741154{padding-top: 40px !important;}&#8220;][vc_column][vc_column_text css=&#8220;.vc_custom_1607635967804{margin-bottom: 0px !important;}&#8220;]\n<h3 style=\"text-align: center;\">R\u00c4UME<\/h3>\n<h3 style=\"text-align: center;\">Unsere Familie ist sehr stolz auf unseren\u00a0 sch\u00f6nen ,kleinen und modernen Geb\u00e4udekomplex ,der aus sieben Appartements besteht.<\/h3>\n<p style=\"text-align: center;\">W\u00e4hrend \u00a0des Tages kann man von da oben das Meer,den Golf von Souda und Lefka Ori bewundern und abends kann man den wunderbaren Sonnenuntergang genie\u03b2en.Unser gro\u03b2er Garten steht Ihnen zur Verf\u00fcgung ,wenn Sie ein Glas Wein\u00a0 genie\u03b2en ,ein Buch lesen , in der Sonne liegen oder den romantischen Sonnenuntergang genie\u03b2en m\u00f6chten.Es gibt auch Strandliegen und ein BBQ Ihnen zur Verf\u00fcgung.<\/p>\n[\/vc_column_text][\/vc_column][\/vc_row][vc_row][vc_column][vc_empty_space][\/vc_column][\/vc_row][vc_row][vc_column width=&#8220;1\/2&#8243;][vc_column_text css=&#8220;.vc_custom_1607637119325{margin-bottom: 0px !important;padding-top: 30px !important;}&#8220;]\n<h3 style=\"text-align: center; text-transform: uppercase;\"><strong><span style=\"font-size: 19px;\">\u039d\u03bf 1<\/span> <\/strong><br \/>\nAppartement mit einem Schlafzimmer<\/h3>\n<p style=\"text-align: justify;\">Unser fantastisches Appartement liegt im Erdgeschoss und verf\u00fcgt sich \u00fcber eine v\u00f6llig ausger\u00fcstete K\u00fcche ,ein bequemes Wohnzimmer,ein Schlafzimmer mit Klimaanlage und einem Doppelbett und ein Badezimmer mit Dusche .<\/p>\n<p style=\"text-align: justify;\">Die Aussicht vom Balkon und von dem Garten aus ,der vor dem Appartement liegt , ist einmalig.Zwei Balkont\u00fcren f\u00fchren zu einem bequemen Balkon und zum Garten,wo es \u00e4u\u03b2ere Gartenm\u00f6bel gibt.<\/p>\n[\/vc_column_text][\/vc_column][vc_column width=&#8220;1\/2&#8243;][mk_photo_album column=&#8220;1&#8243; image_size=&#8220;full&#8220; album_height=&#8220;380&#8243; count=&#8220;1&#8243; pagination=&#8220;false&#8220; show_title_desc_without_hover=&#8220;true&#8220; description_font_size=&#8220;17&#8243; show_thumbnail_without_hover=&#8220;true&#8220; thumbnail_shape=&#8220;circle&#8220; posts=&#8220;180&#8243;][\/vc_column][\/vc_row][vc_row css=&#8220;.vc_custom_1607637797188{padding-top: 40px !important;}&#8220; el_class=&#8220;fir&#8220; id=&#8220;fir&#8220;][vc_column width=&#8220;1\/2&#8243;][mk_photo_album column=&#8220;1&#8243; image_size=&#8220;full&#8220; album_height=&#8220;380&#8243; count=&#8220;1&#8243; pagination=&#8220;false&#8220; show_title_desc_without_hover=&#8220;true&#8220; description_font_size=&#8220;17&#8243; show_thumbnail_without_hover=&#8220;true&#8220; thumbnail_shape=&#8220;circle&#8220; posts=&#8220;230&#8243;][\/vc_column][vc_column width=&#8220;1\/2&#8243;][vc_column_text css=&#8220;.vc_custom_1607637268673{margin-bottom: 0px !important;padding-top: 30px !important;}&#8220;]\n<h3 style=\"text-align: center; text-transform: uppercase;\"><strong><span style=\"font-size: 19px;\">\u039d\u03bf 2<\/span> <\/strong><br \/>\nAppartement mit zwei Schlafzimmern<\/h3>\n<p style=\"text-align: justify;\">Dieses Appartement ist hell und ger\u00e4umig und verf\u00fcgt sich \u00fcber eine v\u00f6llig ausger\u00fcstete K\u00fcche mit allem Komfort.Zwei Balkont\u00fcren f\u00fchren zu einem bequemen Balkon mit einmaligen Blick auf die See und auf Almyrida .Dort k\u00f6nnen sich unsere G\u00e4ste ausruhen.<br \/>\nIm gro\u03b2en Wohnzimmer finden unsere G\u00e4ste ein Satellitenfernsehen mit Flachbildschirm. Es gibt auch Lokalprogramme zu gucken und Internetzugang.<br \/>\nEin kleiner Vorraum f\u00fchrt zu den Schlafzimmern ,deren G\u00e4ste sich ein Badezimmer mit Dusche teilen.<\/p>\n[\/vc_column_text][\/vc_column][\/vc_row][vc_row css=&#8220;.vc_custom_1607637382730{padding-top: 40px !important;}&#8220;][vc_column width=&#8220;1\/2&#8243;][vc_column_text css=&#8220;.vc_custom_1607637344413{margin-bottom: 0px !important;padding-top: 30px !important;}&#8220;]\n<h3 style=\"text-align: center; text-transform: uppercase;\"><strong><span style=\"font-size: 19px;\">\u039d\u03bf 3<\/span> <\/strong><br \/>\nAppartement mit zwei Schlafzimmern im ersten Stock<\/h3>\n<p style=\"text-align: justify;\">Sie gehen eine Innentreppe hinauf und finden diese helle und bequeme Etagenwohnung im ersten Stock ,die in einem unserer zwei Geb\u00e4ude liegt.Sie ist traditionell und das Design des Wohnzimmers und der K\u00fcche erweckt den Eindruck,dass der Raum sehr ger\u00e4umig ist.<br \/>\nDie Balkont\u00fcren haben Zugang zur Terrasse, die der ideale Raum f\u00fcr unsere G\u00e4ste ist,<br \/>\nwenn sie den idyllischen Sonnenuntergang \u00fcber den Golf von Souda genie\u03b2en wollen.<br \/>\nDie klimatisierten Schlafzimmer teilen sich ein Badezimmer mit Dusche und das Schlafzimmer mit dem Doppelbett verf\u00fcgt sich \u00fcber einen eigenen kleinen Balkon.In dieser Etagenwohnung k\u00f6nnen bis zu 4 Personen mit allem Komfort wohnen .<\/p>\n[\/vc_column_text][\/vc_column][vc_column width=&#8220;1\/2&#8243;][mk_photo_album column=&#8220;1&#8243; image_size=&#8220;full&#8220; album_height=&#8220;380&#8243; count=&#8220;1&#8243; pagination=&#8220;false&#8220; show_title_desc_without_hover=&#8220;true&#8220; description_font_size=&#8220;17&#8243; show_thumbnail_without_hover=&#8220;true&#8220; thumbnail_shape=&#8220;circle&#8220; posts=&#8220;331&#8243;][\/vc_column][\/vc_row][vc_row css=&#8220;.vc_custom_1607637805797{padding-top: 40px !important;}&#8220; id=&#8220;fir&#8220;][vc_column width=&#8220;1\/2&#8243;][mk_photo_album column=&#8220;1&#8243; image_size=&#8220;full&#8220; album_height=&#8220;380&#8243; count=&#8220;1&#8243; pagination=&#8220;false&#8220; show_title_desc_without_hover=&#8220;true&#8220; description_font_size=&#8220;17&#8243; show_thumbnail_without_hover=&#8220;true&#8220; thumbnail_shape=&#8220;circle&#8220; posts=&#8220;426&#8243;][\/vc_column][vc_column width=&#8220;1\/2&#8243;][vc_column_text css=&#8220;.vc_custom_1607637458886{margin-bottom: 0px !important;padding-top: 30px !important;}&#8220;]\n<h3 style=\"text-align: center; text-transform: uppercase;\"><strong><span style=\"font-size: 19px;\">\u039d\u03bf 4&amp;5<\/span> <\/strong><br \/>\nDiese Appartements liegen ein bisschen niedriger als das Erdgeschoss und sind nebeneinander<\/h3>\n<p>Unsere zwei Appartements finden Sie,wenn Sie vom Garten ein paar Treppenstufen hinuntergehen. Sie sind ideal f\u00fcr Familien mit kleinen Kindern. Sie treten ins gro\u00dfe Wohnzimmer und in die K\u00fcche durch die gemeinsam genutzte vordere Pergola und die v\u00f6llig ausger\u00fcsteten K\u00fcchen bieten Ihnen alles ,was Sie w\u00e4hrend Ihres Aufenthalts brauchen.<br \/>\nDie klimatisierten Schlafzimmer f\u00fchren zu einem gemeinsam genutzten Hof ,wo es einen Zitronenbaum und einen Granatapfelbaum gibt.<br \/>\nDurch die gro\u00dfen Fenster des Wohnzimmers k\u00f6nnen Sie den einmaligen Blick auf die See<br \/>\nund auf den Garten genie\u00dfen.[\/vc_column_text][\/vc_column][\/vc_row][vc_row css=&#8220;.vc_custom_1607637382730{padding-top: 40px !important;}&#8220;][vc_column width=&#8220;1\/2&#8243;][vc_column_text css=&#8220;.vc_custom_1607637507904{margin-bottom: 0px !important;padding-top: 30px !important;}&#8220;]\n<h3 style=\"text-align: center; text-transform: uppercase;\"><strong><span style=\"font-size: 19px;\">\u039d\u03bf 6<\/span>\u00a0<\/strong><br \/>\nAppartement mit zwei Schlafzimmern im ersten Stock<\/h3>\n<p style=\"text-align: justify;\">Dieses geschmackvolle renovierte Appartement mit zwei Schlafzimmern besteht aus einem m\u00f6blierten Wohnzimmer ,das sich in einheimlichen Raum mit der K\u00fcche befindet und aus einem ger\u00e4umigen Badezimmer f\u00fcr die ganze Familie mit Dusche.Die Balkont\u00fcren der beiden Schlafzimmer f\u00fchren zu einem Balkon,der fast das ganze Appartement umgibt.<br \/>\nDie v\u00f6llig ausger\u00fcstete , moderne K\u00fcche verf\u00fcgt \u00fcber alles ,was notwendig f\u00fcr Ihren<br \/>\nAufenthalt ist .Der vordere Balkon mit Blick auf das Meer ist geeignet f\u00fcr vier Personen.<\/p>\n[\/vc_column_text][\/vc_column][vc_column width=&#8220;1\/2&#8243;][mk_photo_album column=&#8220;1&#8243; image_size=&#8220;full&#8220; album_height=&#8220;380&#8243; count=&#8220;1&#8243; pagination=&#8220;false&#8220; show_title_desc_without_hover=&#8220;true&#8220; description_font_size=&#8220;17&#8243; show_thumbnail_without_hover=&#8220;true&#8220; thumbnail_shape=&#8220;circle&#8220; posts=&#8220;491&#8243;][\/vc_column][\/vc_row][vc_row css=&#8220;.vc_custom_1607637815616{padding-top: 40px !important;}&#8220; id=&#8220;fir&#8220;][vc_column width=&#8220;1\/2&#8243;][mk_photo_album column=&#8220;1&#8243; image_size=&#8220;full&#8220; album_height=&#8220;380&#8243; count=&#8220;1&#8243; pagination=&#8220;false&#8220; show_title_desc_without_hover=&#8220;true&#8220; description_font_size=&#8220;17&#8243; show_thumbnail_without_hover=&#8220;true&#8220; thumbnail_shape=&#8220;circle&#8220; posts=&#8220;550&#8243;][\/vc_column][vc_column width=&#8220;1\/2&#8243;][vc_column_text css=&#8220;.vc_custom_1607637622628{margin-bottom: 0px !important;padding-top: 30px !important;}&#8220;]\n<h3 style=\"text-align: center; text-transform: uppercase;\"><strong><span style=\"font-size: 19px;\">\u039d\u03bf 7<\/span><\/strong><br \/>\nAppartement mit zwei Schlafzimmern im ersten Stock<\/h3>\n<p>Dieses bequeme und renovierte Appartement liegt neben Appartement Nummer 6.<br \/>\nDurch seine gro\u03b2e Fenster mit Blick auf das Meer , kann man das Panorama genie\u03b2en.<br \/>\nEine Balkont\u00fcr f\u00fchrt zu einer gro\u03b2en Terrasse ,die der ideale Raum ist,wenn Sie Ihre Mahlzeiten genie\u00dfen ,sich entspannen oder einfach das Panorama genie\u00dfen m\u00f6chten.<br \/>\nEs ist modern und v\u00f6llig ausger\u00fcstet und verf\u00fcgt sich \u00fcber ein helles Wohnzimmer ,das sich in demselben Raum mit der K\u00fcche befindet und aus zwei klimatisierten Schlafzimmern besteht.Im Badezimmer gibt es eine Dusche.[\/vc_column_text][\/vc_column][\/vc_row]\n","protected":false},"excerpt":{"rendered":"<p>[vc_row css=&#8220;.vc_custom_1607635741154{padding-top: 40px !important;}&#8220;][vc_column][vc_column_text css=&#8220;.vc_custom_1607635967804{margin-bottom: 0px !important;}&#8220;] R\u00c4UME Unsere Familie ist sehr stolz auf unseren\u00a0 sch\u00f6nen ,kleinen und modernen Geb\u00e4udekomplex ,der aus sieben Appartements besteht. W\u00e4hrend \u00a0des Tages kann man von da oben das Meer,den Golf von Souda und Lefka Ori bewundern und abends kann man den wunderbaren Sonnenuntergang genie\u03b2en.Unser gro\u03b2er Garten steht Ihnen zur [&hellip;]<\/p>\n","protected":false},"author":1,"featured_media":0,"parent":0,"menu_order":0,"comment_status":"closed","ping_status":"closed","template":"","meta":{"footnotes":""},"class_list":["post-866","page","type-page","status-publish","hentry"],"yoast_head":"<!-- This site is optimized with the Yoast SEO plugin v26.8 - https:\/\/yoast.com\/product\/yoast-seo-wordpress\/ -->\n<title>Zimmertypen - Villa Dina in Almyrida (Almirida)<\/title>\n<meta name=\"robots\" content=\"index, follow, max-snippet:-1, max-image-preview:large, max-video-preview:-1\" \/>\n<link rel=\"canonical\" href=\"https:\/\/villa-dina.com\/de\/zimmertypen\/\" \/>\n<meta property=\"og:locale\" content=\"de_DE\" \/>\n<meta property=\"og:type\" content=\"article\" \/>\n<meta property=\"og:title\" content=\"Zimmertypen - Villa Dina in Almyrida (Almirida)\" \/>\n<meta property=\"og:description\" content=\"[vc_row css=&#8220;.vc_custom_1607635741154{padding-top: 40px !important;}&#8220;][vc_column][vc_column_text css=&#8220;.vc_custom_1607635967804{margin-bottom: 0px !important;}&#8220;] R\u00c4UME Unsere Familie ist sehr stolz auf unseren\u00a0 sch\u00f6nen ,kleinen und modernen Geb\u00e4udekomplex ,der aus sieben Appartements besteht. W\u00e4hrend \u00a0des Tages kann man von da oben das Meer,den Golf von Souda und Lefka Ori bewundern und abends kann man den wunderbaren Sonnenuntergang genie\u03b2en.Unser gro\u03b2er Garten steht Ihnen zur [&hellip;]\" \/>\n<meta property=\"og:url\" content=\"https:\/\/villa-dina.com\/de\/zimmertypen\/\" \/>\n<meta property=\"og:site_name\" content=\"Villa Dina in Almyrida (Almirida)\" \/>\n<meta property=\"article:modified_time\" content=\"2021-01-05T13:44:49+00:00\" \/>\n<meta name=\"twitter:card\" content=\"summary_large_image\" \/>\n<meta name=\"twitter:label1\" content=\"Gesch\u00e4tzte Lesezeit\" \/>\n\t<meta name=\"twitter:data1\" content=\"6\u00a0Minuten\" \/>\n<script type=\"application\/ld+json\" class=\"yoast-schema-graph\">{\"@context\":\"https:\/\/schema.org\",\"@graph\":[{\"@type\":\"WebPage\",\"@id\":\"https:\/\/villa-dina.com\/de\/zimmertypen\/\",\"url\":\"https:\/\/villa-dina.com\/de\/zimmertypen\/\",\"name\":\"Zimmertypen - Villa Dina in Almyrida (Almirida)\",\"isPartOf\":{\"@id\":\"https:\/\/villa-dina.com\/#website\"},\"datePublished\":\"2020-12-14T13:20:15+00:00\",\"dateModified\":\"2021-01-05T13:44:49+00:00\",\"breadcrumb\":{\"@id\":\"https:\/\/villa-dina.com\/de\/zimmertypen\/#breadcrumb\"},\"inLanguage\":\"de\",\"potentialAction\":[{\"@type\":\"ReadAction\",\"target\":[\"https:\/\/villa-dina.com\/de\/zimmertypen\/\"]}]},{\"@type\":\"BreadcrumbList\",\"@id\":\"https:\/\/villa-dina.com\/de\/zimmertypen\/#breadcrumb\",\"itemListElement\":[{\"@type\":\"ListItem\",\"position\":1,\"name\":\"\u0391\u03c1\u03c7\u03b9\u03ba\u03ae\",\"item\":\"https:\/\/villa-dina.com\/de\/\"},{\"@type\":\"ListItem\",\"position\":2,\"name\":\"Zimmertypen\"}]},{\"@type\":\"WebSite\",\"@id\":\"https:\/\/villa-dina.com\/#website\",\"url\":\"https:\/\/villa-dina.com\/\",\"name\":\"Villa Dina in Almyrida (Almirida)\",\"description\":\"Villa Dina, apartments close to the beach in Almyrida (Almirida) for family vacations.\",\"potentialAction\":[{\"@type\":\"SearchAction\",\"target\":{\"@type\":\"EntryPoint\",\"urlTemplate\":\"https:\/\/villa-dina.com\/?s={search_term_string}\"},\"query-input\":{\"@type\":\"PropertyValueSpecification\",\"valueRequired\":true,\"valueName\":\"search_term_string\"}}],\"inLanguage\":\"de\"}]}<\/script>\n<!-- \/ Yoast SEO plugin. -->","yoast_head_json":{"title":"Zimmertypen - Villa Dina in Almyrida (Almirida)","robots":{"index":"index","follow":"follow","max-snippet":"max-snippet:-1","max-image-preview":"max-image-preview:large","max-video-preview":"max-video-preview:-1"},"canonical":"https:\/\/villa-dina.com\/de\/zimmertypen\/","og_locale":"de_DE","og_type":"article","og_title":"Zimmertypen - Villa Dina in Almyrida (Almirida)","og_description":"[vc_row css=&#8220;.vc_custom_1607635741154{padding-top: 40px !important;}&#8220;][vc_column][vc_column_text css=&#8220;.vc_custom_1607635967804{margin-bottom: 0px !important;}&#8220;] R\u00c4UME Unsere Familie ist sehr stolz auf unseren\u00a0 sch\u00f6nen ,kleinen und modernen Geb\u00e4udekomplex ,der aus sieben Appartements besteht. W\u00e4hrend \u00a0des Tages kann man von da oben das Meer,den Golf von Souda und Lefka Ori bewundern und abends kann man den wunderbaren Sonnenuntergang genie\u03b2en.Unser gro\u03b2er Garten steht Ihnen zur [&hellip;]","og_url":"https:\/\/villa-dina.com\/de\/zimmertypen\/","og_site_name":"Villa Dina in Almyrida (Almirida)","article_modified_time":"2021-01-05T13:44:49+00:00","twitter_card":"summary_large_image","twitter_misc":{"Gesch\u00e4tzte Lesezeit":"6\u00a0Minuten"},"schema":{"@context":"https:\/\/schema.org","@graph":[{"@type":"WebPage","@id":"https:\/\/villa-dina.com\/de\/zimmertypen\/","url":"https:\/\/villa-dina.com\/de\/zimmertypen\/","name":"Zimmertypen - Villa Dina in Almyrida (Almirida)","isPartOf":{"@id":"https:\/\/villa-dina.com\/#website"},"datePublished":"2020-12-14T13:20:15+00:00","dateModified":"2021-01-05T13:44:49+00:00","breadcrumb":{"@id":"https:\/\/villa-dina.com\/de\/zimmertypen\/#breadcrumb"},"inLanguage":"de","potentialAction":[{"@type":"ReadAction","target":["https:\/\/villa-dina.com\/de\/zimmertypen\/"]}]},{"@type":"BreadcrumbList","@id":"https:\/\/villa-dina.com\/de\/zimmertypen\/#breadcrumb","itemListElement":[{"@type":"ListItem","position":1,"name":"\u0391\u03c1\u03c7\u03b9\u03ba\u03ae","item":"https:\/\/villa-dina.com\/de\/"},{"@type":"ListItem","position":2,"name":"Zimmertypen"}]},{"@type":"WebSite","@id":"https:\/\/villa-dina.com\/#website","url":"https:\/\/villa-dina.com\/","name":"Villa Dina in Almyrida (Almirida)","description":"Villa Dina, apartments close to the beach in Almyrida (Almirida) for family vacations.","potentialAction":[{"@type":"SearchAction","target":{"@type":"EntryPoint","urlTemplate":"https:\/\/villa-dina.com\/?s={search_term_string}"},"query-input":{"@type":"PropertyValueSpecification","valueRequired":true,"valueName":"search_term_string"}}],"inLanguage":"de"}]}},"_links":{"self":[{"href":"https:\/\/villa-dina.com\/de\/wp-json\/wp\/v2\/pages\/866","targetHints":{"allow":["GET"]}}],"collection":[{"href":"https:\/\/villa-dina.com\/de\/wp-json\/wp\/v2\/pages"}],"about":[{"href":"https:\/\/villa-dina.com\/de\/wp-json\/wp\/v2\/types\/page"}],"author":[{"embeddable":true,"href":"https:\/\/villa-dina.com\/de\/wp-json\/wp\/v2\/users\/1"}],"replies":[{"embeddable":true,"href":"https:\/\/villa-dina.com\/de\/wp-json\/wp\/v2\/comments?post=866"}],"version-history":[{"count":4,"href":"https:\/\/villa-dina.com\/de\/wp-json\/wp\/v2\/pages\/866\/revisions"}],"predecessor-version":[{"id":947,"href":"https:\/\/villa-dina.com\/de\/wp-json\/wp\/v2\/pages\/866\/revisions\/947"}],"wp:attachment":[{"href":"https:\/\/villa-dina.com\/de\/wp-json\/wp\/v2\/media?parent=866"}],"curies":[{"name":"wp","href":"https:\/\/api.w.org\/{rel}","templated":true}]}}